{"id":71773,"date":"2025-01-09T11:27:02","date_gmt":"2025-01-09T16:27:02","guid":{"rendered":"https:\/\/crazyshark.com.co\/web\/?post_type=product&#038;p=71773"},"modified":"2025-06-04T12:41:00","modified_gmt":"2025-06-04T17:41:00","slug":"pantaloneta-rip-curl-mirage-max-quest","status":"publish","type":"product","link":"https:\/\/crazyshark.com.co\/web\/producto\/pantaloneta-rip-curl-mirage-max-quest\/","title":{"rendered":"PANTALONETA RIP CURL MIRAGE MAX QUEST"},"content":{"rendered":"<p data-start=\"89\" data-end=\"152\"><strong data-start=\"89\" data-end=\"152\">Short Mirage Core \u2013 Estilo, rendimiento y sustentabilidad&#8221;<\/strong><\/p>\n<p data-start=\"154\" data-end=\"389\">Dise\u00f1ado para quienes buscan confort, funcionalidad y respeto por el medio ambiente.<br data-start=\"238\" data-end=\"241\" \/>Confeccionado en tejido reciclado MIRAGE (92% poli\u00e9ster, 8% elastano), con estampado pigmentado y lavado enzim\u00e1tico para un look suave y desgastado.<\/p>\n<ul data-start=\"391\" data-end=\"715\">\n<li data-start=\"391\" data-end=\"425\">\n<p data-start=\"393\" data-end=\"425\">Corte <em data-start=\"399\" data-end=\"408\">mid fit<\/em> (ajuste medio)<\/p>\n<\/li>\n<li data-start=\"426\" data-end=\"471\">\n<p data-start=\"428\" data-end=\"471\">Tejido tipo <em data-start=\"440\" data-end=\"447\">woven<\/em> (entelado resistente)<\/p>\n<\/li>\n<li data-start=\"472\" data-end=\"497\">\n<p data-start=\"474\" data-end=\"497\">Largo exterior de 19&#8243;<\/p>\n<\/li>\n<li data-start=\"498\" data-end=\"547\">\n<p data-start=\"500\" data-end=\"547\">Estampado integral (<em data-start=\"520\" data-end=\"544\">all-over yardage print<\/em>)<\/p>\n<\/li>\n<li data-start=\"548\" data-end=\"579\">\n<p data-start=\"550\" data-end=\"579\">Bolsillo trasero con solapa<\/p>\n<\/li>\n<li data-start=\"580\" data-end=\"625\">\n<p data-start=\"582\" data-end=\"625\">Cintura en contraste y cintas decorativas<\/p>\n<\/li>\n<li data-start=\"626\" data-end=\"645\">\n<p data-start=\"628\" data-end=\"645\">Parche con logo<\/p>\n<\/li>\n<li data-start=\"646\" data-end=\"673\">\n<p data-start=\"648\" data-end=\"673\">Hecho con PET reciclado<\/p>\n<\/li>\n<li data-start=\"674\" data-end=\"715\">\n<p data-start=\"676\" data-end=\"715\">Tecnolog\u00eda hidrof\u00f3bica de secado r\u00e1pido<\/p>\n<\/li>\n<\/ul>\n<p data-start=\"717\" data-end=\"782\">Ideal para la playa, el agua y todo lo que el verano te proponga.<\/p>\n","protected":false},"excerpt":{"rendered":"<p data-start=\"89\" data-end=\"152\"><strong data-start=\"89\" data-end=\"152\">Short Mirage Core \u2013 Estilo, rendimiento y sustentabilidad&#8221;<\/strong><\/p>\n<p data-start=\"154\" data-end=\"389\">Dise\u00f1ado para quienes buscan confort, funcionalidad y respeto por el medio ambiente.<br data-start=\"238\" data-end=\"241\" \/>Confeccionado en tejido reciclado MIRAGE (92% poli\u00e9ster, 8% elastano), con estampado pigmentado y lavado enzim\u00e1tico para un look suave y desgastado.<\/p>\n","protected":false},"featured_media":78171,"template":"","meta":{"ocean_post_layout":"","ocean_both_sidebars_style":"","ocean_both_sidebars_content_width":0,"ocean_both_sidebars_sidebars_width":0,"ocean_sidebar":"0","ocean_second_sidebar":"0","ocean_disable_margins":"enable","ocean_add_body_class":"","ocean_shortcode_before_top_bar":"","ocean_shortcode_after_top_bar":"","ocean_shortcode_before_header":"","ocean_shortcode_after_header":"","ocean_has_shortcode":"","ocean_shortcode_after_title":"","ocean_shortcode_before_footer_widgets":"","ocean_shortcode_after_footer_widgets":"","ocean_shortcode_before_footer_bottom":"","ocean_shortcode_after_footer_bottom":"","ocean_display_top_bar":"default","ocean_display_header":"default","ocean_header_style":"","ocean_center_header_left_menu":"0","ocean_custom_header_template":"0","ocean_custom_logo":0,"ocean_custom_retina_logo":0,"ocean_custom_logo_max_width":0,"ocean_custom_logo_tablet_max_width":0,"ocean_custom_logo_mobile_max_width":0,"ocean_custom_logo_max_height":0,"ocean_custom_logo_tablet_max_height":0,"ocean_custom_logo_mobile_max_height":0,"ocean_header_custom_menu":"0","ocean_menu_typo_font_family":"0","ocean_menu_typo_font_subset":"","ocean_menu_typo_font_size":0,"ocean_menu_typo_font_size_tablet":0,"ocean_menu_typo_font_size_mobile":0,"ocean_menu_typo_font_size_unit":"px","ocean_menu_typo_font_weight":"","ocean_menu_typo_font_weight_tablet":"","ocean_menu_typo_font_weight_mobile":"","ocean_menu_typo_transform":"","ocean_menu_typo_transform_tablet":"","ocean_menu_typo_transform_mobile":"","ocean_menu_typo_line_height":0,"ocean_menu_typo_line_height_tablet":0,"ocean_menu_typo_line_height_mobile":0,"ocean_menu_typo_line_height_unit":"","ocean_menu_typo_spacing":0,"ocean_menu_typo_spacing_tablet":0,"ocean_menu_typo_spacing_mobile":0,"ocean_menu_typo_spacing_unit":"","ocean_menu_link_color":"","ocean_menu_link_color_hover":"","ocean_menu_link_color_active":"","ocean_menu_link_background":"","ocean_menu_link_hover_background":"","ocean_menu_link_active_background":"","ocean_menu_social_links_bg":"","ocean_menu_social_hover_links_bg":"","ocean_menu_social_links_color":"","ocean_menu_social_hover_links_color":"","ocean_disable_title":"default","ocean_disable_heading":"default","ocean_post_title":"","ocean_post_subheading":"","ocean_post_title_style":"","ocean_post_title_background_color":"","ocean_post_title_background":0,"ocean_post_title_bg_image_position":"","ocean_post_title_bg_image_attachment":"","ocean_post_title_bg_image_repeat":"","ocean_post_title_bg_image_size":"","ocean_post_title_height":0,"ocean_post_title_bg_overlay":0.5,"ocean_post_title_bg_overlay_color":"","ocean_disable_breadcrumbs":"default","ocean_breadcrumbs_color":"","ocean_breadcrumbs_separator_color":"","ocean_breadcrumbs_links_color":"","ocean_breadcrumbs_links_hover_color":"","ocean_display_footer_widgets":"default","ocean_display_footer_bottom":"default","ocean_custom_footer_template":"0","osh_disable_topbar_sticky":"default","osh_disable_header_sticky":"default","osh_sticky_header_style":"default","osh_sticky_header_effect":"","osh_custom_sticky_logo":0,"osh_custom_retina_sticky_logo":0,"osh_custom_sticky_logo_height":0,"osh_background_color":"","osh_links_color":"","osh_links_hover_color":"","osh_links_active_color":"","osh_links_bg_color":"","osh_links_hover_bg_color":"","osh_links_active_bg_color":"","osh_menu_social_links_color":"","osh_menu_social_hover_links_color":""},"product_brand":[],"product_cat":[55,15],"product_tag":[57,85,106],"class_list":{"0":"post-71773","1":"product","2":"type-product","3":"status-publish","4":"has-post-thumbnail","6":"product_cat-ropayaccesorios","7":"product_cat-tienda","8":"product_tag-hombre","9":"product_tag-pantalonetas","10":"product_tag-rip-curl","12":"entry","13":"has-media","15":"first","16":"instock","17":"shipping-taxable","18":"purchasable","19":"product-type-variable","20":"has-default-attributes","21":"has-product-nav","22":"col","23":"span_1_of_4","24":"owp-content-center","25":"owp-thumbs-layout-horizontal","26":"owp-btn-big","27":"owp-tabs-layout-vertical"},"_links":{"self":[{"href":"https:\/\/crazyshark.com.co\/web\/wp-json\/wp\/v2\/product\/71773","targetHints":{"allow":["GET"]}}],"collection":[{"href":"https:\/\/crazyshark.com.co\/web\/wp-json\/wp\/v2\/product"}],"about":[{"href":"https:\/\/crazyshark.com.co\/web\/wp-json\/wp\/v2\/types\/product"}],"wp:featuredmedia":[{"embeddable":true,"href":"https:\/\/crazyshark.com.co\/web\/wp-json\/wp\/v2\/media\/78171"}],"wp:attachment":[{"href":"https:\/\/crazyshark.com.co\/web\/wp-json\/wp\/v2\/media?parent=71773"}],"wp:term":[{"taxonomy":"product_brand","embeddable":true,"href":"https:\/\/crazyshark.com.co\/web\/wp-json\/wp\/v2\/product_brand?post=71773"},{"taxonomy":"product_cat","embeddable":true,"href":"https:\/\/crazyshark.com.co\/web\/wp-json\/wp\/v2\/product_cat?post=71773"},{"taxonomy":"product_tag","embeddable":true,"href":"https:\/\/crazyshark.com.co\/web\/wp-json\/wp\/v2\/product_tag?post=71773"}],"curies":[{"name":"wp","href":"https:\/\/api.w.org\/{rel}","templated":true}]}}