{"id":80910,"date":"2025-07-21T12:23:47","date_gmt":"2025-07-21T17:23:47","guid":{"rendered":"https:\/\/crazyshark.com.co\/web\/?post_type=product&#038;p=80910"},"modified":"2025-12-27T13:52:16","modified_gmt":"2025-12-27T18:52:16","slug":"pantalon-katin-pipeline-corduroy-moon","status":"publish","type":"product","link":"https:\/\/crazyshark.com.co\/web\/producto\/pantalon-katin-pipeline-corduroy-moon\/","title":{"rendered":"PANTALON KATIN PIPELINE CORDUROY MOON"},"content":{"rendered":"<p data-start=\"141\" data-end=\"437\"><strong data-start=\"141\" data-end=\"192\">Dise\u00f1ado para brindar m\u00e1xima comodidad y estilo<\/strong>, el <strong data-start=\"197\" data-end=\"223\">Pipeline Corduroy Pant<\/strong> ofrece un ajuste slim straight y cintura el\u00e1stica para un calce perfecto. Su tejido de pana lo convierte en una prenda vers\u00e1til y c\u00f3moda para cualquier ocasi\u00f3n, siendo uno de los pantalones m\u00e1s populares de Katin.<\/p>\n<ul data-start=\"439\" data-end=\"669\">\n<li data-start=\"439\" data-end=\"481\">\n<p data-start=\"441\" data-end=\"481\">98% algod\u00f3n, 2% spandex \u2013 pana 16 wale<\/p>\n<\/li>\n<li data-start=\"482\" data-end=\"505\">\n<p data-start=\"484\" data-end=\"505\">Corte slim straight<\/p>\n<\/li>\n<li data-start=\"506\" data-end=\"536\">\n<p data-start=\"508\" data-end=\"536\">Entrepierna de 30&#8243; (76 cm)<\/p>\n<\/li>\n<li data-start=\"537\" data-end=\"560\">\n<p data-start=\"539\" data-end=\"560\">Bota de 15&#8243; (38 cm)<\/p>\n<\/li>\n<li data-start=\"561\" data-end=\"602\">\n<p data-start=\"563\" data-end=\"602\">Cintura el\u00e1stica con cord\u00f3n ajustable<\/p>\n<\/li>\n<li data-start=\"603\" data-end=\"637\">\n<p data-start=\"605\" data-end=\"637\">Bolsillos frontales inclinados<\/p>\n<\/li>\n<\/ul>\n","protected":false},"excerpt":{"rendered":"<p>Dise\u00f1ado para brindar m\u00e1xima comodidad y estilo, el Pipeline Corduroy Pant ofrece un ajuste slim straight y cintura el\u00e1stica para un calce perfecto. Su tejido de pana lo convierte en una prenda vers\u00e1til y c\u00f3moda para cualquier ocasi\u00f3n, siendo uno de los pantalones m\u00e1s populares de Katin. 98% algod\u00f3n, 2% spandex \u2013 pana 16 wale [&hellip;]<\/p>\n","protected":false},"featured_media":81340,"template":"","meta":{"ocean_post_layout":"","ocean_both_sidebars_style":"","ocean_both_sidebars_content_width":0,"ocean_both_sidebars_sidebars_width":0,"ocean_sidebar":"0","ocean_second_sidebar":"0","ocean_disable_margins":"enable","ocean_add_body_class":"","ocean_shortcode_before_top_bar":"","ocean_shortcode_after_top_bar":"","ocean_shortcode_before_header":"","ocean_shortcode_after_header":"","ocean_has_shortcode":"","ocean_shortcode_after_title":"","ocean_shortcode_before_footer_widgets":"","ocean_shortcode_after_footer_widgets":"","ocean_shortcode_before_footer_bottom":"","ocean_shortcode_after_footer_bottom":"","ocean_display_top_bar":"default","ocean_display_header":"default","ocean_header_style":"","ocean_center_header_left_menu":"0","ocean_custom_header_template":"0","ocean_custom_logo":0,"ocean_custom_retina_logo":0,"ocean_custom_logo_max_width":0,"ocean_custom_logo_tablet_max_width":0,"ocean_custom_logo_mobile_max_width":0,"ocean_custom_logo_max_height":0,"ocean_custom_logo_tablet_max_height":0,"ocean_custom_logo_mobile_max_height":0,"ocean_header_custom_menu":"0","ocean_menu_typo_font_family":"0","ocean_menu_typo_font_subset":"","ocean_menu_typo_font_size":0,"ocean_menu_typo_font_size_tablet":0,"ocean_menu_typo_font_size_mobile":0,"ocean_menu_typo_font_size_unit":"px","ocean_menu_typo_font_weight":"","ocean_menu_typo_font_weight_tablet":"","ocean_menu_typo_font_weight_mobile":"","ocean_menu_typo_transform":"","ocean_menu_typo_transform_tablet":"","ocean_menu_typo_transform_mobile":"","ocean_menu_typo_line_height":0,"ocean_menu_typo_line_height_tablet":0,"ocean_menu_typo_line_height_mobile":0,"ocean_menu_typo_line_height_unit":"","ocean_menu_typo_spacing":0,"ocean_menu_typo_spacing_tablet":0,"ocean_menu_typo_spacing_mobile":0,"ocean_menu_typo_spacing_unit":"","ocean_menu_link_color":"","ocean_menu_link_color_hover":"","ocean_menu_link_color_active":"","ocean_menu_link_background":"","ocean_menu_link_hover_background":"","ocean_menu_link_active_background":"","ocean_menu_social_links_bg":"","ocean_menu_social_hover_links_bg":"","ocean_menu_social_links_color":"","ocean_menu_social_hover_links_color":"","ocean_disable_title":"default","ocean_disable_heading":"default","ocean_post_title":"","ocean_post_subheading":"","ocean_post_title_style":"","ocean_post_title_background_color":"","ocean_post_title_background":0,"ocean_post_title_bg_image_position":"","ocean_post_title_bg_image_attachment":"","ocean_post_title_bg_image_repeat":"","ocean_post_title_bg_image_size":"","ocean_post_title_height":0,"ocean_post_title_bg_overlay":0.5,"ocean_post_title_bg_overlay_color":"","ocean_disable_breadcrumbs":"default","ocean_breadcrumbs_color":"","ocean_breadcrumbs_separator_color":"","ocean_breadcrumbs_links_color":"","ocean_breadcrumbs_links_hover_color":"","ocean_display_footer_widgets":"default","ocean_display_footer_bottom":"default","ocean_custom_footer_template":"0","osh_disable_topbar_sticky":"default","osh_disable_header_sticky":"default","osh_sticky_header_style":"default","osh_sticky_header_effect":"","osh_custom_sticky_logo":0,"osh_custom_retina_sticky_logo":0,"osh_custom_sticky_logo_height":0,"osh_background_color":"","osh_links_color":"","osh_links_hover_color":"","osh_links_active_color":"","osh_links_bg_color":"","osh_links_hover_bg_color":"","osh_links_active_bg_color":"","osh_menu_social_links_color":"","osh_menu_social_hover_links_color":""},"product_brand":[],"product_cat":[55,15],"product_tag":[57,203,76],"class_list":{"0":"post-80910","1":"product","2":"type-product","3":"status-publish","4":"has-post-thumbnail","6":"product_cat-ropayaccesorios","7":"product_cat-tienda","8":"product_tag-hombre","9":"product_tag-katin","10":"product_tag-pantalones","12":"entry","13":"has-media","15":"first","16":"instock","17":"shipping-taxable","18":"purchasable","19":"product-type-variable","20":"has-default-attributes","21":"has-product-nav","22":"col","23":"span_1_of_4","24":"owp-content-center","25":"owp-thumbs-layout-horizontal","26":"owp-btn-big","27":"owp-tabs-layout-vertical"},"_links":{"self":[{"href":"https:\/\/crazyshark.com.co\/web\/wp-json\/wp\/v2\/product\/80910","targetHints":{"allow":["GET"]}}],"collection":[{"href":"https:\/\/crazyshark.com.co\/web\/wp-json\/wp\/v2\/product"}],"about":[{"href":"https:\/\/crazyshark.com.co\/web\/wp-json\/wp\/v2\/types\/product"}],"wp:featuredmedia":[{"embeddable":true,"href":"https:\/\/crazyshark.com.co\/web\/wp-json\/wp\/v2\/media\/81340"}],"wp:attachment":[{"href":"https:\/\/crazyshark.com.co\/web\/wp-json\/wp\/v2\/media?parent=80910"}],"wp:term":[{"taxonomy":"product_brand","embeddable":true,"href":"https:\/\/crazyshark.com.co\/web\/wp-json\/wp\/v2\/product_brand?post=80910"},{"taxonomy":"product_cat","embeddable":true,"href":"https:\/\/crazyshark.com.co\/web\/wp-json\/wp\/v2\/product_cat?post=80910"},{"taxonomy":"product_tag","embeddable":true,"href":"https:\/\/crazyshark.com.co\/web\/wp-json\/wp\/v2\/product_tag?post=80910"}],"curies":[{"name":"wp","href":"https:\/\/api.w.org\/{rel}","templated":true}]}}