{"id":81084,"date":"2025-07-21T12:24:22","date_gmt":"2025-07-21T17:24:22","guid":{"rendered":"https:\/\/crazyshark.com.co\/web\/?post_type=product&#038;p=81084"},"modified":"2025-08-24T08:55:34","modified_gmt":"2025-08-24T13:55:34","slug":"gorra-katin-bermuda-vintage-white","status":"publish","type":"product","link":"https:\/\/crazyshark.com.co\/web\/producto\/gorra-katin-bermuda-vintage-white\/","title":{"rendered":"GORRA KATIN BERMUDA VINTAGE WHITE"},"content":{"rendered":"<p data-start=\"109\" data-end=\"319\"><strong data-start=\"109\" data-end=\"141\">La colecci\u00f3n de gorras Katin<\/strong> combina estilo y comodidad en cada uso. La <strong data-start=\"185\" data-end=\"200\">Bermuda Hat<\/strong> est\u00e1 confeccionada en pana de algod\u00f3n y cuenta con un cord\u00f3n decorativo en la visera y bordado personalizado de Katin.<\/p>\n<ul data-start=\"321\" data-end=\"483\">\n<li data-start=\"321\" data-end=\"340\">\n<p data-start=\"323\" data-end=\"340\">Pana de algod\u00f3n<\/p>\n<\/li>\n<li data-start=\"341\" data-end=\"358\">\n<p data-start=\"343\" data-end=\"358\">Bordado Katin<\/p>\n<\/li>\n<li data-start=\"359\" data-end=\"381\">\n<p data-start=\"361\" data-end=\"381\">Gorra de 5 paneles<\/p>\n<\/li>\n<li data-start=\"382\" data-end=\"424\">\n<p data-start=\"384\" data-end=\"424\">Ajuste desestructurado de altura media<\/p>\n<\/li>\n<li data-start=\"425\" data-end=\"448\">\n<p data-start=\"427\" data-end=\"448\">Cord\u00f3n en la visera<\/p>\n<\/li>\n<li data-start=\"449\" data-end=\"483\">\n<p data-start=\"451\" data-end=\"483\">Cierre ajustable tipo snapback<\/p>\n<\/li>\n<\/ul>\n","protected":false},"excerpt":{"rendered":"<p>La colecci\u00f3n de gorras Katin combina estilo y comodidad en cada uso. La Bermuda Hat est\u00e1 confeccionada en pana de algod\u00f3n y cuenta con un cord\u00f3n decorativo en la visera y bordado personalizado de Katin. Pana de algod\u00f3n Bordado Katin Gorra de 5 paneles Ajuste desestructurado de altura media Cord\u00f3n en la visera Cierre ajustable [&hellip;]<\/p>\n","protected":false},"featured_media":81296,"template":"","meta":{"ocean_post_layout":"","ocean_both_sidebars_style":"","ocean_both_sidebars_content_width":0,"ocean_both_sidebars_sidebars_width":0,"ocean_sidebar":"0","ocean_second_sidebar":"0","ocean_disable_margins":"enable","ocean_add_body_class":"","ocean_shortcode_before_top_bar":"","ocean_shortcode_after_top_bar":"","ocean_shortcode_before_header":"","ocean_shortcode_after_header":"","ocean_has_shortcode":"","ocean_shortcode_after_title":"","ocean_shortcode_before_footer_widgets":"","ocean_shortcode_after_footer_widgets":"","ocean_shortcode_before_footer_bottom":"","ocean_shortcode_after_footer_bottom":"","ocean_display_top_bar":"default","ocean_display_header":"default","ocean_header_style":"","ocean_center_header_left_menu":"0","ocean_custom_header_template":"0","ocean_custom_logo":0,"ocean_custom_retina_logo":0,"ocean_custom_logo_max_width":0,"ocean_custom_logo_tablet_max_width":0,"ocean_custom_logo_mobile_max_width":0,"ocean_custom_logo_max_height":0,"ocean_custom_logo_tablet_max_height":0,"ocean_custom_logo_mobile_max_height":0,"ocean_header_custom_menu":"0","ocean_menu_typo_font_family":"0","ocean_menu_typo_font_subset":"","ocean_menu_typo_font_size":0,"ocean_menu_typo_font_size_tablet":0,"ocean_menu_typo_font_size_mobile":0,"ocean_menu_typo_font_size_unit":"px","ocean_menu_typo_font_weight":"","ocean_menu_typo_font_weight_tablet":"","ocean_menu_typo_font_weight_mobile":"","ocean_menu_typo_transform":"","ocean_menu_typo_transform_tablet":"","ocean_menu_typo_transform_mobile":"","ocean_menu_typo_line_height":0,"ocean_menu_typo_line_height_tablet":0,"ocean_menu_typo_line_height_mobile":0,"ocean_menu_typo_line_height_unit":"","ocean_menu_typo_spacing":0,"ocean_menu_typo_spacing_tablet":0,"ocean_menu_typo_spacing_mobile":0,"ocean_menu_typo_spacing_unit":"","ocean_menu_link_color":"","ocean_menu_link_color_hover":"","ocean_menu_link_color_active":"","ocean_menu_link_background":"","ocean_menu_link_hover_background":"","ocean_menu_link_active_background":"","ocean_menu_social_links_bg":"","ocean_menu_social_hover_links_bg":"","ocean_menu_social_links_color":"","ocean_menu_social_hover_links_color":"","ocean_disable_title":"default","ocean_disable_heading":"default","ocean_post_title":"","ocean_post_subheading":"","ocean_post_title_style":"","ocean_post_title_background_color":"","ocean_post_title_background":0,"ocean_post_title_bg_image_position":"","ocean_post_title_bg_image_attachment":"","ocean_post_title_bg_image_repeat":"","ocean_post_title_bg_image_size":"","ocean_post_title_height":0,"ocean_post_title_bg_overlay":0.5,"ocean_post_title_bg_overlay_color":"","ocean_disable_breadcrumbs":"default","ocean_breadcrumbs_color":"","ocean_breadcrumbs_separator_color":"","ocean_breadcrumbs_links_color":"","ocean_breadcrumbs_links_hover_color":"","ocean_display_footer_widgets":"default","ocean_display_footer_bottom":"default","ocean_custom_footer_template":"0","osh_disable_topbar_sticky":"default","osh_disable_header_sticky":"default","osh_sticky_header_style":"default","osh_sticky_header_effect":"","osh_custom_sticky_logo":0,"osh_custom_retina_sticky_logo":0,"osh_custom_sticky_logo_height":0,"osh_background_color":"","osh_links_color":"","osh_links_hover_color":"","osh_links_active_color":"","osh_links_bg_color":"","osh_links_hover_bg_color":"","osh_links_active_bg_color":"","osh_menu_social_links_color":"","osh_menu_social_hover_links_color":""},"product_brand":[],"product_cat":[55,15],"product_tag":[58,57,203],"class_list":{"0":"post-81084","1":"product","2":"type-product","3":"status-publish","4":"has-post-thumbnail","6":"product_cat-ropayaccesorios","7":"product_cat-tienda","8":"product_tag-accesorios","9":"product_tag-hombre","10":"product_tag-katin","12":"entry","13":"has-media","15":"first","16":"instock","17":"shipping-taxable","18":"purchasable","19":"product-type-variable","20":"has-default-attributes","21":"has-product-nav","22":"col","23":"span_1_of_4","24":"owp-content-center","25":"owp-thumbs-layout-horizontal","26":"owp-btn-big","27":"owp-tabs-layout-vertical"},"_links":{"self":[{"href":"https:\/\/crazyshark.com.co\/web\/wp-json\/wp\/v2\/product\/81084","targetHints":{"allow":["GET"]}}],"collection":[{"href":"https:\/\/crazyshark.com.co\/web\/wp-json\/wp\/v2\/product"}],"about":[{"href":"https:\/\/crazyshark.com.co\/web\/wp-json\/wp\/v2\/types\/product"}],"wp:featuredmedia":[{"embeddable":true,"href":"https:\/\/crazyshark.com.co\/web\/wp-json\/wp\/v2\/media\/81296"}],"wp:attachment":[{"href":"https:\/\/crazyshark.com.co\/web\/wp-json\/wp\/v2\/media?parent=81084"}],"wp:term":[{"taxonomy":"product_brand","embeddable":true,"href":"https:\/\/crazyshark.com.co\/web\/wp-json\/wp\/v2\/product_brand?post=81084"},{"taxonomy":"product_cat","embeddable":true,"href":"https:\/\/crazyshark.com.co\/web\/wp-json\/wp\/v2\/product_cat?post=81084"},{"taxonomy":"product_tag","embeddable":true,"href":"https:\/\/crazyshark.com.co\/web\/wp-json\/wp\/v2\/product_tag?post=81084"}],"curies":[{"name":"wp","href":"https:\/\/api.w.org\/{rel}","templated":true}]}}